{"id":176,"date":"2026-01-01T03:19:31","date_gmt":"2026-01-01T02:19:31","guid":{"rendered":"https:\/\/hiesoft.net\/index.php\/planes-de-internet\/"},"modified":"2026-01-01T04:54:59","modified_gmt":"2026-01-01T03:54:59","slug":"planes-de-internet","status":"publish","type":"page","link":"https:\/\/hiesoft.net\/index.php\/planes-de-internet\/","title":{"rendered":"Planes de Internet"},"content":{"rendered":"<h1 class=\"planes-custom-title\">Nuestros Planes de Internet<\/h1>\n<div class=\"planes-container\">\n<div class=\"pricing-card\">\n<div class=\"card-header\">B\u00c1SICO<\/div>\n<div class=\"card-body\">\n<div class=\"speed-text\">16 MBPS<\/div>\n<div class=\"details-text\">\n                Bajada: 16 MBPS<br \/>\n                Subida: 8 MBPS\n            <\/div>\n<div class=\"tech-text\">Fibra \/ Aire \/ Cobre<br \/><span style=\"font-size:0.9em;opacity:0.8\">Pospago<\/span><\/div>\n<div class=\"price-section\">\n                <span class=\"price-currency\">RD$<\/span><span class=\"price-amount\">1,000<\/span><br \/>\n                <span class=\"period\">Mensual<\/span>\n            <\/div>\n<\/p><\/div>\n<div class=\"card-footer\">\n            <a href=\"https:\/\/wa.me\/18098537877?text=Hola%2C+me+interesa+solicitar+el+plan+B%C3%81SICO+de+16+Megas.\" class=\"solicitar-btn\">SOLICITAR<\/a>\n        <\/div>\n<\/p><\/div>\n<div class=\"pricing-card\">\n<div class=\"card-header\">B\u00c1SICO II<\/div>\n<div class=\"card-body\">\n<div class=\"speed-text\">25 MBPS<\/div>\n<div class=\"details-text\">\n                Bajada: 25 MBPS<br \/>\n                Subida: 12 MBPS\n            <\/div>\n<div class=\"tech-text\">Fibra \/ Aire \/ Cobre<br \/><span style=\"font-size:0.9em;opacity:0.8\">Pospago<\/span><\/div>\n<div class=\"price-section\">\n                <span class=\"price-currency\">RD$<\/span><span class=\"price-amount\">1,100<\/span><br \/>\n                <span class=\"period\">Mensual<\/span>\n            <\/div>\n<\/p><\/div>\n<div class=\"card-footer\">\n            <a href=\"https:\/\/wa.me\/18098537877?text=Hola%2C+me+interesa+solicitar+el+plan+B%C3%81SICO+II+de+25+Megas.\" class=\"solicitar-btn\">SOLICITAR<\/a>\n        <\/div>\n<\/p><\/div>\n<div class=\"pricing-card\">\n<div class=\"card-header\">PLUS<\/div>\n<div class=\"card-body\">\n<div class=\"speed-text\">40 MBPS<\/div>\n<div class=\"details-text\">\n                Bajada: 40 MBPS<br \/>\n                Subida: 20 MBPS\n            <\/div>\n<div class=\"tech-text\">Fibra \u00d3ptica<br \/><span style=\"font-size:0.9em;opacity:0.8\">Pospago<\/span><\/div>\n<div class=\"price-section\">\n                <span class=\"price-currency\">RD$<\/span><span class=\"price-amount\">1,350<\/span><br \/>\n                <span class=\"period\">Mensual<\/span>\n            <\/div>\n<\/p><\/div>\n<div class=\"card-footer\">\n            <a href=\"https:\/\/wa.me\/18098537877?text=Hola%2C+me+interesa+solicitar+el+plan+PLUS+de+40+Megas.\" class=\"solicitar-btn\">SOLICITAR<\/a>\n        <\/div>\n<\/p><\/div>\n<div class=\"pricing-card\">\n<div class=\"card-header\">ULTRA<\/div>\n<div class=\"card-body\">\n<div class=\"speed-text\">60 MBPS<\/div>\n<div class=\"details-text\">\n                Bajada: 60 MBPS<br \/>\n                Subida: 30 MBPS\n            <\/div>\n<div class=\"tech-text\">Fibra \u00d3ptica<br \/><span style=\"font-size:0.9em;opacity:0.8\">Pospago<\/span><\/div>\n<div class=\"price-section\">\n                <span class=\"price-currency\">RD$<\/span><span class=\"price-amount\">1,600<\/span><br \/>\n                <span class=\"period\">Mensual<\/span>\n            <\/div>\n<\/p><\/div>\n<div class=\"card-footer\">\n            <a href=\"https:\/\/wa.me\/18098537877?text=Hola%2C+me+interesa+solicitar+el+plan+ULTRA+de+60+Megas.\" class=\"solicitar-btn\">SOLICITAR<\/a>\n        <\/div>\n<\/p><\/div>\n<div class=\"pricing-card\">\n<div class=\"card-header\">MEGA<\/div>\n<div class=\"card-body\">\n<div class=\"speed-text\">80 MBPS<\/div>\n<div class=\"details-text\">\n                Bajada: 80 MBPS<br \/>\n                Subida: 40 MBPS\n            <\/div>\n<div class=\"tech-text\">Fibra \u00d3ptica<br \/><span style=\"font-size:0.9em;opacity:0.8\">Pospago<\/span><\/div>\n<div class=\"price-section\">\n                <span class=\"price-currency\">RD$<\/span><span class=\"price-amount\">2,000<\/span><br \/>\n                <span class=\"period\">Mensual<\/span>\n            <\/div>\n<\/p><\/div>\n<div class=\"card-footer\">\n            <a href=\"https:\/\/wa.me\/18098537877?text=Hola%2C+me+interesa+solicitar+el+plan+MEGA+de+80+Megas.\" class=\"solicitar-btn\">SOLICITAR<\/a>\n        <\/div>\n<\/p><\/div>\n<div class=\"pricing-card\">\n<div class=\"card-header\">GIGA<\/div>\n<div class=\"card-body\">\n<div class=\"speed-text\">100 MBPS<\/div>\n<div class=\"details-text\">\n                Bajada: 100 MBPS<br \/>\n                Subida: 50 MBPS\n            <\/div>\n<div class=\"tech-text\">Fibra \u00d3ptica<br \/><span style=\"font-size:0.9em;opacity:0.8\">Pospago<\/span><\/div>\n<div class=\"price-section\">\n                <span class=\"price-currency\">RD$<\/span><span class=\"price-amount\">2,500<\/span><br \/>\n                <span class=\"period\">Mensual<\/span>\n            <\/div>\n<\/p><\/div>\n<div class=\"card-footer\">\n            <a href=\"https:\/\/wa.me\/18098537877?text=Hola%2C+me+interesa+solicitar+el+plan+GIGA+de+100+Megas.\" class=\"solicitar-btn\">SOLICITAR<\/a>\n        <\/div>\n<\/p><\/div>\n<\/div>\n<div class=\"info-sections-grid\">\n    <!-- Installation Info --><\/p>\n<div class=\"info-card\">\n<h3>Instalaci\u00f3n y Servicio<\/h3>\n<p>Nuestro equipo t\u00e9cnico realiza una instalaci\u00f3n profesional para garantizar la mejor se\u00f1al en tu hogar o negocio.<\/p>\n<ul>\n<li><strong>Instalaci\u00f3n Gratis:<\/strong> En la mayor\u00eda de planes (sujeto a contrato).<\/li>\n<li><strong>Equipos:<\/strong> Todos los equipos instalados en su hogar o negocio son propiedad exclusiva de <strong>HieSoft<\/strong>. <br \/><span style=\"color:#e53e3e;font-size:0.9em\">(Se proh\u00edbe la venta de dichos equipos. Al cancelar el servicio, debe entregarlos obligatoriamente).<\/span><\/li>\n<li><strong>Soporte R\u00e1pido:<\/strong> Atendemos reportes en 24-48 horas.<\/li>\n<li><strong>Cobertura:<\/strong> Disponible en zonas de Fibra, y zonas rurales v\u00eda Aire\/Cobre.<\/li>\n<\/ul><\/div>\n<p>    <!-- How to Choose --><\/p>\n<div class=\"info-card\">\n<h3>\u00bfQu\u00e9 plan elegir?<\/h3>\n<ul>\n<li><strong>16 &#8211; 25 Megas:<\/strong> Ideal para uso b\u00e1sico, redes sociales, correo y tareas escolares. (1-2 dispositivos simult\u00e1neos).<\/li>\n<li><strong>40 &#8211; 60 Megas:<\/strong> Perfecto para streaming en HD, Netflix, YouTube y teletrabajo. (3-5 dispositivos).<\/li>\n<li><strong>80 &#8211; 100 Megas:<\/strong> La mejor opci\u00f3n para gaming, descargas pesadas, streaming 4K y casas inteligentes. (+6 dispositivos).<\/li>\n<\/ul>\n<p><em>\u00bfA\u00fan tienes dudas? Escr\u00edbenos y te asesoramos: <a href=\"https:\/\/wa.me\/18098537877\">809-853-7877<\/a><\/em><\/p>\n<\/p><\/div>\n<\/div>\n","protected":false},"excerpt":{"rendered":"<p>Descubre nuestros planes de internet desde 15 Mbps hasta 200 Mbps. Instalaci\u00f3n r\u00e1pida, precios competitivos y sin contratos forzosos. \u00a1Cotiza hoy!<\/p>\n","protected":false},"author":1,"featured_media":0,"parent":0,"menu_order":0,"comment_status":"closed","ping_status":"closed","template":"","meta":{"footnotes":""},"class_list":["post-176","page","type-page","status-publish","hentry"],"aioseo_notices":[],"_links":{"self":[{"href":"https:\/\/hiesoft.net\/index.php\/wp-json\/wp\/v2\/pages\/176","targetHints":{"allow":["GET"]}}],"collection":[{"href":"https:\/\/hiesoft.net\/index.php\/wp-json\/wp\/v2\/pages"}],"about":[{"href":"https:\/\/hiesoft.net\/index.php\/wp-json\/wp\/v2\/types\/page"}],"author":[{"embeddable":true,"href":"https:\/\/hiesoft.net\/index.php\/wp-json\/wp\/v2\/users\/1"}],"replies":[{"embeddable":true,"href":"https:\/\/hiesoft.net\/index.php\/wp-json\/wp\/v2\/comments?post=176"}],"version-history":[{"count":7,"href":"https:\/\/hiesoft.net\/index.php\/wp-json\/wp\/v2\/pages\/176\/revisions"}],"predecessor-version":[{"id":208,"href":"https:\/\/hiesoft.net\/index.php\/wp-json\/wp\/v2\/pages\/176\/revisions\/208"}],"wp:attachment":[{"href":"https:\/\/hiesoft.net\/index.php\/wp-json\/wp\/v2\/media?parent=176"}],"curies":[{"name":"wp","href":"https:\/\/api.w.org\/{rel}","templated":true}]}}